{"id":6267,"date":"2019-09-12T12:47:16","date_gmt":"2019-09-12T16:47:16","guid":{"rendered":"https:\/\/bcimca.wpengine.com\/?page_id=6267"},"modified":"2020-02-14T16:11:43","modified_gmt":"2020-02-14T21:11:43","slug":"our-team","status":"publish","type":"page","link":"https:\/\/bcim.ca\/fr\/our-team\/","title":{"rendered":"Our Team"},"content":{"rendered":"<div class=\"wpb-content-wrapper\">[mk_page_section bg_image=\u00a0\u00bbhttp:\/\/138.197.140.156\/wp-content\/uploads\/2017\/12\/our-team-london.jpg\u00a0\u00bb bg_position=\u00a0\u00bbcenter center\u00a0\u00bb bg_repeat=\u00a0\u00bbno-repeat\u00a0\u00bb bg_stretch=\u00a0\u00bbtrue\u00a0\u00bb video_color_mask=\u00a0\u00bbrgba(0,0,0,0.1)\u00a0\u00bb video_opacity=\u00a0\u00bb0.9&Prime; min_height=\u00a0\u00bb0&Prime; padding_top=\u00a0\u00bb150&Prime; padding_bottom=\u00a0\u00bb250&Prime; top_shape_color=\u00a0\u00bb#ffffff\u00a0\u00bb bottom_shape_color=\u00a0\u00bb#ffffff\u00a0\u00bb sidebar=\u00a0\u00bbsidebar-1&Prime;][vc_column][mk_fancy_title color=\u00a0\u00bb#383a3c\u00a0\u00bb size=\u00a0\u00bb54&Prime; force_font_size=\u00a0\u00bbtrue\u00a0\u00bb size_tablet=\u00a0\u00bb44&Prime; size_phone=\u00a0\u00bb36&Prime; font_weight=\u00a0\u00bb400&Prime; txt_transform=\u00a0\u00bbuppercase\u00a0\u00bb letter_spacing=\u00a0\u00bb4&Prime; font_family=\u00a0\u00bbRaleway\u00a0\u00bb font_type=\u00a0\u00bbgoogle\u00a0\u00bb align=\u00a0\u00bbcenter\u00a0\u00bb el_class=\u00a0\u00bbbanner-title\u00a0\u00bb]Notre travail<br \/>\nest d\u00e9fini<br \/>\npar le caract\u00e8re[\/mk_fancy_title][\/vc_column][\/mk_page_section][vc_row][vc_column][mk_padding_divider size=\u00a0\u00bb120&Prime;][\/vc_column][\/vc_row][vc_row][vc_column width=\u00a0\u00bb1\/6&Prime;][\/vc_column][vc_column width=\u00a0\u00bb2\/3&Prime;][vc_column_text css=\u00a0\u00bb.vc_custom_1568306797293{margin-bottom: 0px !important;}\u00a0\u00bb]\n<p style=\"color: #383a3c;\">Notre \u00e9quipe d&rsquo;investissement partage une philosophie et un processus d&rsquo;investissement communs. Une coh\u00e9sion qui n&rsquo;est renforc\u00e9e que par la force de caract\u00e8re. Chaque membre de l&rsquo;\u00e9quipe de Black Creek apporte une histoire de travail et une perspective uniques qui permettent une prise de d\u00e9cision inform\u00e9e et une pens\u00e9e critique construite.<\/p>\n[\/vc_column_text][vc_column_text css=\u00a0\u00bb.vc_custom_1581714674235{margin-bottom: 0px !important;}\u00a0\u00bb]\n<p style=\"color: #383a3c;\">Black Creek est ax\u00e9 sur la recherche et le client. Nous privil\u00e9gions l&rsquo;excellence en investissement par rapport \u00e0 la collecte d&rsquo;actifs. Notre seule activit\u00e9 est la gestion d\u2019actifs et chaque gestionnaire de portefeuille doit \u00eatre investi aux c\u00f4t\u00e9s de nos clients dans les strat\u00e9gies de Black Creek. \u00catre un employ\u00e9 \u00e0 part enti\u00e8re encourage la r\u00e9flexion \u00e0 long terme et pr\u00e9serve l\u2019int\u00e9grit\u00e9 du processus d\u2019investissement pour nos clients.<\/p>\n[\/vc_column_text][vc_column_text css=\u00a0\u00bb.vc_custom_1568306828552{margin-bottom: 0px !important;}\u00a0\u00bb]\n<p style=\"color: #383a3c;\">Nous collaborons en \u00e9quipe et nous nous lan\u00e7ons des d\u00e9fis respectueux pour obtenir les meilleurs r\u00e9sultats possibles. Notre approche permet \u00e0 notre \u00e9quipe d\u2019investissement de d\u00e9fendre logiquement les d\u00e9cisions, mais de changer d\u2019avis lorsque les faits sugg\u00e8rent le contraire. Les divers ant\u00e9c\u00e9dents et comp\u00e9tences de l\u2019\u00e9quipe offrent des perspectives uniques, g\u00e9n\u00e9rant des id\u00e9es d\u2019investissement cr\u00e9atives tout en utilisant un cadre d\u2019investissement commun. Nous apprenons les uns des autres et de nos exp\u00e9riences pour prendre de meilleures d\u00e9cisions au fil du temps.<\/p>\n[\/vc_column_text][\/vc_column][vc_column width=\u00a0\u00bb1\/6&Prime;][\/vc_column][\/vc_row][vc_row][vc_column][mk_padding_divider size=\u00a0\u00bb80&Prime;][mk_employees style=\u00a0\u00bbclassic\u00a0\u00bb count=\u00a0\u00bb-1&Prime; description=\u00a0\u00bbfalse\u00a0\u00bb order=\u00a0\u00bbASC\u00a0\u00bb orderby=\u00a0\u00bbmenu_order\u00a0\u00bb][mk_padding_divider size=\u00a0\u00bb80&Prime;][\/vc_column][\/vc_row]\n<\/div>","protected":false},"excerpt":{"rendered":"<p>[mk_page_section bg_image=\u00a0\u00bbhttp:\/\/138.197.140.156\/wp-content\/uploads\/2017\/12\/our-team-london.jpg\u00a0\u00bb bg_position=\u00a0\u00bbcenter center\u00a0\u00bb bg_repeat=\u00a0\u00bbno-repeat\u00a0\u00bb bg_stretch=\u00a0\u00bbtrue\u00a0\u00bb video_color_mask=\u00a0\u00bbrgba(0,0,0,0.1)\u00a0\u00bb video_opacity=\u00a0\u00bb0.9&Prime; min_height=\u00a0\u00bb0&Prime; padding_top=\u00a0\u00bb150&Prime; padding_bottom=\u00a0\u00bb250&Prime; top_shape_color=\u00a0\u00bb#ffffff\u00a0\u00bb bottom_shape_color=\u00a0\u00bb#ffffff\u00a0\u00bb sidebar=\u00a0\u00bbsidebar-1&Prime;][vc_column][mk_fancy_title color=\u00a0\u00bb#383a3c\u00a0\u00bb size=\u00a0\u00bb54&Prime; force_font_size=\u00a0\u00bbtrue\u00a0\u00bb size_tablet=\u00a0\u00bb44&Prime; size_phone=\u00a0\u00bb36&Prime; font_weight=\u00a0\u00bb400&Prime; txt_transform=\u00a0\u00bbuppercase\u00a0\u00bb letter_spacing=\u00a0\u00bb4&Prime; font_family=\u00a0\u00bbRaleway\u00a0\u00bb font_type=\u00a0\u00bbgoogle\u00a0\u00bb align=\u00a0\u00bbcenter\u00a0\u00bb el_class=\u00a0\u00bbbanner-title\u00a0\u00bb]Notre travail est d\u00e9fini par le caract\u00e8re[\/mk_fancy_title][\/vc_column][\/mk_page_section][vc_row][vc_column][mk_padding_divider size=\u00a0\u00bb120&Prime;][\/vc_column][\/vc_row][vc_row][vc_column width=\u00a0\u00bb1\/6&Prime;][\/vc_column][vc_column width=\u00a0\u00bb2\/3&Prime;][vc_column_text css=\u00a0\u00bb.vc_custom_1568306797293{margin-bottom: 0px !important;}\u00a0\u00bb] Notre \u00e9quipe d&rsquo;investissement partage une philosophie et un processus d&rsquo;investissement communs. Une coh\u00e9sion qui n&rsquo;est renforc\u00e9e que [&hellip;]<\/p>\n","protected":false},"author":1,"featured_media":0,"parent":0,"menu_order":2,"comment_status":"closed","ping_status":"closed","template":"","meta":{"footnotes":""},"class_list":["post-6267","page","type-page","status-publish","hentry"],"_links":{"self":[{"href":"https:\/\/bcim.ca\/fr\/wp-json\/wp\/v2\/pages\/6267","targetHints":{"allow":["GET"]}}],"collection":[{"href":"https:\/\/bcim.ca\/fr\/wp-json\/wp\/v2\/pages"}],"about":[{"href":"https:\/\/bcim.ca\/fr\/wp-json\/wp\/v2\/types\/page"}],"author":[{"embeddable":true,"href":"https:\/\/bcim.ca\/fr\/wp-json\/wp\/v2\/users\/1"}],"replies":[{"embeddable":true,"href":"https:\/\/bcim.ca\/fr\/wp-json\/wp\/v2\/comments?post=6267"}],"version-history":[{"count":0,"href":"https:\/\/bcim.ca\/fr\/wp-json\/wp\/v2\/pages\/6267\/revisions"}],"wp:attachment":[{"href":"https:\/\/bcim.ca\/fr\/wp-json\/wp\/v2\/media?parent=6267"}],"curies":[{"name":"wp","href":"https:\/\/api.w.org\/{rel}","templated":true}]}}